{"id":1549,"date":"2022-06-13T06:52:32","date_gmt":"2022-06-13T06:52:32","guid":{"rendered":"https:\/\/test3.meta-sistem.md\/?page_id=1549"},"modified":"2023-02-01T09:11:51","modified_gmt":"2023-02-01T09:11:51","slug":"cum-actionam","status":"publish","type":"page","link":"https:\/\/test3.meta-sistem.md\/ru\/cum-actionam\/","title":{"rendered":"\u041a\u0430\u043a \u043c\u044b \u0434\u0435\u0439\u0441\u0442\u0432\u0443\u0435\u043c"},"content":{"rendered":"<p>DIN 1961, AJUT\u0102M OAMENII DIN \u00ceNTREAGA LUME S\u0102-\u0218I REVENDICE DREPTURILE.<\/p>","protected":false},"excerpt":{"rendered":"<p>DIN 1961, AJUT\u0102M OAMENII DIN \u00ceNTREAGA LUME S\u0102-\u0218I REVENDICE DREPTURILE.<\/p>\n","protected":false},"author":13,"featured_media":0,"parent":0,"menu_order":0,"comment_status":"closed","ping_status":"closed","template":"templates\/page-cumactionam.php","meta":{"_nav_style":"","_thumbnail_style":"","_hero_title":"","_hero_content":"","_hero_cta_text":"","_hero_cta_link":"","_hero_alignment":"","_hero_background":"","_hero_size":"","_hero_show":"","_hero_type":"","_hero_embed":"","_hero_video_id":0,"_hide_featured_image":false,"_stretch_thumbnail":false,"_reduce_content_width":false,"_disable_sidebar":false,"_disable_share_icons":false,"_sidebar_id":0,"download_id":0,"download_text":"","recipients":"","recipients_refresh":"","recipients_refreshed":"","document_ref":"","term_slider":"","_display_author_info":false,"byline_is_author":false,"byline_entity":"","byline_context":""},"category":[],"topic":[],"aioseo_notices":[],"_links":{"self":[{"href":"https:\/\/test3.meta-sistem.md\/ru\/wp-json\/wp\/v2\/pages\/1549"}],"collection":[{"href":"https:\/\/test3.meta-sistem.md\/ru\/wp-json\/wp\/v2\/pages"}],"about":[{"href":"https:\/\/test3.meta-sistem.md\/ru\/wp-json\/wp\/v2\/types\/page"}],"author":[{"embeddable":true,"href":"https:\/\/test3.meta-sistem.md\/ru\/wp-json\/wp\/v2\/users\/13"}],"replies":[{"embeddable":true,"href":"https:\/\/test3.meta-sistem.md\/ru\/wp-json\/wp\/v2\/comments?post=1549"}],"version-history":[{"count":3,"href":"https:\/\/test3.meta-sistem.md\/ru\/wp-json\/wp\/v2\/pages\/1549\/revisions"}],"predecessor-version":[{"id":2679,"href":"https:\/\/test3.meta-sistem.md\/ru\/wp-json\/wp\/v2\/pages\/1549\/revisions\/2679"}],"wp:attachment":[{"href":"https:\/\/test3.meta-sistem.md\/ru\/wp-json\/wp\/v2\/media?parent=1549"}],"wp:term":[{"taxonomy":"category","embeddable":true,"href":"https:\/\/test3.meta-sistem.md\/ru\/wp-json\/wp\/v2\/category?post=1549"},{"taxonomy":"topic","embeddable":true,"href":"https:\/\/test3.meta-sistem.md\/ru\/wp-json\/wp\/v2\/topic?post=1549"}],"curies":[{"name":"wp","href":"https:\/\/api.w.org\/{rel}","templated":true}]}}